{"id":163,"date":"2024-07-01T19:05:09","date_gmt":"2024-07-01T19:05:09","guid":{"rendered":"https:\/\/es.martisala.com\/?page_id=163"},"modified":"2024-07-01T19:05:11","modified_gmt":"2024-07-01T19:05:11","slug":"condiciones-de-uso","status":"publish","type":"page","link":"https:\/\/martisala.com\/es\/condiciones-de-uso\/","title":{"rendered":"Condiciones de Uso"},"content":{"rendered":"\n<h2 class=\"wp-block-heading\">1. Aceptaci\u00f3n de los T\u00e9rminos<\/h2>\n\n\n\n<p>Al acceder y utilizar este sitio web, aceptas estar sujeto a las siguientes condiciones de uso y a todas las leyes y regulaciones aplicables. Si no est\u00e1s de acuerdo con alguno de estos t\u00e9rminos, te queda prohibido usar o acceder a este sitio.<\/p>\n\n\n\n<h2 class=\"wp-block-heading\">2. Uso del Contenido<\/h2>\n\n\n\n<h3 class=\"wp-block-heading\">2.1 Propiedad Intelectual<\/h3>\n\n\n\n<p>Todo el contenido del sitio, incluidas pero no limitadas a, fotograf\u00edas, texto, gr\u00e1ficos y logotipos, es propiedad exclusiva de Mart\u00ed Sala y est\u00e1 protegido por las leyes de derechos de autor y otras leyes de propiedad intelectual.<\/p>\n\n\n\n<h3 class=\"wp-block-heading\">2.2 Uso Personal y No Comercial<\/h3>\n\n\n\n<p>Se permite el uso de las fotograf\u00edas y otros contenidos del sitio \u00fanicamente para fines personales y no comerciales. No est\u00e1 permitido reproducir, distribuir, modificar, transmitir, o mostrar p\u00fablicamente el contenido sin el permiso expreso por escrito de Mart\u00ed Sala <\/p>\n\n\n\n<h3 class=\"wp-block-heading\">2.3 Uso Permitido<\/h3>\n\n\n\n<p>Puedes:<\/p>\n\n\n\n<ul class=\"wp-block-list\">\n<li>Descargar temporalmente una copia de los materiales (informaci\u00f3n o software) en el sitio web para visualizaci\u00f3n personal y no comercial.<\/li>\n\n\n\n<li>Compartir los enlaces a la web en redes sociales siempre y cuando se d\u00e9 cr\u00e9dito apropiado al autor.<\/li>\n<\/ul>\n\n\n\n<h2 class=\"wp-block-heading\">3. Restricciones<\/h2>\n\n\n\n<p>No puedes:<\/p>\n\n\n\n<ul class=\"wp-block-list\">\n<li>Modificar o copiar los materiales.<\/li>\n\n\n\n<li>Usar los materiales para cualquier prop\u00f3sito comercial, o para cualquier exhibici\u00f3n p\u00fablica (comercial o no comercial).<\/li>\n\n\n\n<li>Intentar descompilar o hacer ingenier\u00eda inversa de cualquier software contenido en el sitio web de Mart\u00ed Sala.<\/li>\n\n\n\n<li>Eliminar cualquier nota de copyright u otras notaciones de propiedad de los materiales.<\/li>\n<\/ul>\n\n\n\n<h2 class=\"wp-block-heading\">4. Exenci\u00f3n de Responsabilidad<\/h2>\n\n\n\n<p>El material en el sitio web de se proporciona \u00abtal cual\u00bb. Mart\u00ed Sala no ofrece garant\u00edas, expresas o impl\u00edcitas, y por la presente renuncia y niega todas las dem\u00e1s garant\u00edas, incluidas sin limitaci\u00f3n, las garant\u00edas impl\u00edcitas o condiciones de comerciabilidad, idoneidad para un prop\u00f3sito particular, o no infracci\u00f3n de la propiedad intelectual u otra violaci\u00f3n de derechos.<\/p>\n\n\n\n<h2 class=\"wp-block-heading\">5. Limitaciones<\/h2>\n\n\n\n<p>En ning\u00fan caso, Mart\u00ed Sala o sus proveedores ser\u00e1n responsables de cualquier da\u00f1o (incluidos, sin limitaci\u00f3n, da\u00f1os por p\u00e9rdida de datos o beneficios, o debido a interrupci\u00f3n del negocio) que surjan del uso o la incapacidad de usar los materiales en el sitio web de Mart\u00ed Sala.<\/p>\n\n\n\n<h2 class=\"wp-block-heading\">6. Revisi\u00f3n y Errores<\/h2>\n\n\n\n<p>Los materiales que aparecen en el sitio web podr\u00edan incluir errores t\u00e9cnicos, tipogr\u00e1ficos o fotogr\u00e1ficos. Mart\u00ed Sala no garantiza que cualquiera de los materiales en su sitio web sean precisos, completos o actuales. Mart\u00ed Sala puede hacer cambios a los materiales contenidos en su sitio web en cualquier momento sin previo aviso.<\/p>\n\n\n\n<h2 class=\"wp-block-heading\">7. Enlaces<\/h2>\n\n\n\n<p>Mart\u00ed Sala no ha revisado todos los sitios enlazados a su sitio web y no es responsable de los contenidos de dichos sitios enlazados. La inclusi\u00f3n de cualquier enlace no implica la aprobaci\u00f3n por parte de Mart\u00ed Sala del sitio. El uso de cualquier sitio web enlazado es bajo el propio riesgo del usuario.<\/p>\n\n\n\n<h2 class=\"wp-block-heading\">8. Modificaciones de los T\u00e9rminos de Uso<\/h2>\n\n\n\n<p>Mart\u00ed Sala puede revisar estos t\u00e9rminos de uso del sitio web en cualquier momento sin previo aviso. Al usar este sitio web, aceptas estar sujeto a la versi\u00f3n actual de estos T\u00e9rminos y Condiciones de Uso.<\/p>\n\n\n\n<h2 class=\"wp-block-heading\">9. Ley Aplicable<\/h2>\n\n\n\n<p>Cualquier reclamaci\u00f3n relacionada con el sitio web de Mart\u00ed Sala se regir\u00e1 por las leyes de Espa\u00f1a, sin consideraci\u00f3n a su conflicto de disposiciones legales.<\/p>\n","protected":false},"excerpt":{"rendered":"<p>1. Aceptaci\u00f3n de los T\u00e9rminos Al acceder y utilizar este sitio web, aceptas estar sujeto a las siguientes condiciones de uso y a todas las leyes y regulaciones aplicables. Si no est\u00e1s de acuerdo con alguno de estos t\u00e9rminos, te queda prohibido usar o acceder a este sitio. 2. Uso del Contenido 2.1 Propiedad Intelectual Todo el contenido del sitio, incluidas pero no limitadas a, fotograf\u00edas, texto, gr\u00e1ficos y logotipos, es propiedad exclusiva de Mart\u00ed Sala y est\u00e1 protegido por las leyes de derechos de autor y otras leyes de propiedad intelectual. 2.2 Uso Personal y No Comercial Se permite el uso de las fotograf\u00edas y otros contenidos del sitio \u00fanicamente para fines personales y no comerciales. No est\u00e1 permitido reproducir, distribuir, modificar, transmitir, o mostrar p\u00fablicamente el contenido sin el permiso expreso por escrito de Mart\u00ed Sala 2.3 Uso Permitido Puedes: 3. Restricciones No puedes: 4. Exenci\u00f3n de Responsabilidad El material en el sitio web de se proporciona \u00abtal cual\u00bb. Mart\u00ed Sala no ofrece garant\u00edas, expresas o impl\u00edcitas, y por la presente renuncia y niega todas las dem\u00e1s garant\u00edas, incluidas sin limitaci\u00f3n, las garant\u00edas impl\u00edcitas o condiciones de comerciabilidad, idoneidad para un prop\u00f3sito particular, o no infracci\u00f3n de la propiedad intelectual u otra violaci\u00f3n de derechos. 5. Limitaciones En ning\u00fan caso, Mart\u00ed Sala o sus proveedores ser\u00e1n responsables de cualquier da\u00f1o (incluidos, sin limitaci\u00f3n, da\u00f1os por p\u00e9rdida de datos o beneficios, o debido a interrupci\u00f3n del negocio) que surjan del uso o la incapacidad de usar los materiales en el sitio web de Mart\u00ed Sala. 6. Revisi\u00f3n y Errores Los materiales que aparecen en el sitio web podr\u00edan incluir errores t\u00e9cnicos, tipogr\u00e1ficos o fotogr\u00e1ficos. Mart\u00ed Sala no garantiza que cualquiera de los materiales en su sitio web sean precisos, completos o actuales. Mart\u00ed Sala puede hacer cambios a los materiales contenidos en su sitio web en cualquier momento sin previo aviso. 7. Enlaces Mart\u00ed Sala no ha revisado todos los sitios enlazados a su sitio web y no es responsable de los contenidos de dichos sitios enlazados. La inclusi\u00f3n de cualquier enlace no implica la aprobaci\u00f3n por parte de Mart\u00ed Sala del sitio. El uso de cualquier sitio web enlazado es bajo el propio riesgo del usuario. 8. Modificaciones de los T\u00e9rminos de Uso Mart\u00ed Sala puede revisar estos t\u00e9rminos de uso del sitio web en cualquier momento sin previo aviso. Al usar este sitio web, aceptas estar sujeto a la versi\u00f3n actual de estos T\u00e9rminos y Condiciones de Uso. 9. Ley Aplicable Cualquier reclamaci\u00f3n relacionada con el sitio web de Mart\u00ed Sala se regir\u00e1 por las leyes de Espa\u00f1a, sin consideraci\u00f3n a su conflicto de disposiciones legales.<\/p>\n","protected":false},"author":1,"featured_media":0,"parent":0,"menu_order":0,"comment_status":"closed","ping_status":"closed","template":"","meta":{"footnotes":""},"class_list":["post-163","page","type-page","status-publish","hentry"],"acf":[],"_links":{"self":[{"href":"https:\/\/martisala.com\/es\/wp-json\/wp\/v2\/pages\/163","targetHints":{"allow":["GET"]}}],"collection":[{"href":"https:\/\/martisala.com\/es\/wp-json\/wp\/v2\/pages"}],"about":[{"href":"https:\/\/martisala.com\/es\/wp-json\/wp\/v2\/types\/page"}],"author":[{"embeddable":true,"href":"https:\/\/martisala.com\/es\/wp-json\/wp\/v2\/users\/1"}],"replies":[{"embeddable":true,"href":"https:\/\/martisala.com\/es\/wp-json\/wp\/v2\/comments?post=163"}],"version-history":[{"count":2,"href":"https:\/\/martisala.com\/es\/wp-json\/wp\/v2\/pages\/163\/revisions"}],"predecessor-version":[{"id":165,"href":"https:\/\/martisala.com\/es\/wp-json\/wp\/v2\/pages\/163\/revisions\/165"}],"wp:attachment":[{"href":"https:\/\/martisala.com\/es\/wp-json\/wp\/v2\/media?parent=163"}],"curies":[{"name":"wp","href":"https:\/\/api.w.org\/{rel}","templated":true}]}}