{"id":14,"date":"2017-06-07T21:13:08","date_gmt":"2017-06-07T21:13:08","guid":{"rendered":"http:\/\/themes.uxbarn.com\/wp\/kathy-dummy\/?page_id=14"},"modified":"2024-09-04T11:52:41","modified_gmt":"2024-09-04T11:52:41","slug":"biografia-de-marti-sala","status":"publish","type":"page","link":"https:\/\/martisala.com\/es\/biografia-de-marti-sala\/","title":{"rendered":"Biograf\u00eda de Mart\u00ed Sala"},"content":{"rendered":"\n<h2 class=\"wp-block-heading\">Estudios<\/h2>\n\n\n\n<ul style=\"font-size:1.2em\" class=\"wp-block-list\">\n<li>Licenciado en Bellas Artes. Barcelona 1984<\/li>\n\n\n\n<li>Diplomado en fotograf\u00eda y videograf\u00eda. Li\u00e8ge 1985<\/li>\n\n\n\n<li>Direcci\u00f3n esc\u00e9nica. Institut del Teatre. Barcelona 1987<\/li>\n\n\n\n<li>Master de escritura de guiones. UAB. Bellaterra 1992<\/li>\n\n\n\n<li>Curso de laboratorio blanco y negro -tiraje de especialista- a cargo de Manel Serra. Barcelona 1998<\/li>\n<\/ul>\n\n\n\n<h2 class=\"wp-block-heading\">Trabajos<\/h2>\n\n\n\n<ul class=\"wp-block-list has-medium-font-size\">\n<li>\u00abIrradiaci\u00f3n de arte y personas\u00bb. La Maldita Estampa. Barcelona 2023<\/li>\n<\/ul>\n\n\n\n<ul class=\"wp-block-list has-medium-font-size\">\n<li>\u00abM\u00e1scaras\u00bb. The Folio Club. Barcelona 2023<\/li>\n<\/ul>\n\n\n\n<ul style=\"font-size:1.4em\" class=\"wp-block-list\">\n<li>Selecci\u00f3n de tirajes originales para el Plan Nacional de Fotograf\u00eda de la Generalitat de Catalunya. 2019<\/li>\n\n\n\n<li>\u00abEl signe d\u2019un instant\u00bb. Galer\u00eda Dalmau. Barcelona 2018<\/li>\n\n\n\n<li>Libro \u00abEl signe d\u2019un instant\u00bb. SCAN Photobooks. Tarragona 2018<\/li>\n\n\n\n<li>\u201cEscenograf\u00eda para un retrato\u201d. Espai 8. Barcelona 2016<\/li>\n\n\n\n<li>\u201cLa construcci\u00f3n del retrato\u201d. BCN Visions. Barcelona 2016<\/li>\n\n\n\n<li>\u201cVincles\u201d(V\u00ednculos). Olivart Art Gallery. Barcelona 2014<\/li>\n\n\n\n<li>\u201cDel encuentro de un paraguas en un lugar com\u00fan\u201d. Galer\u00eda Contrast. Barcelona 2007<\/li>\n\n\n\n<li>Colectiva de fot\u00f3grafos. Galer\u00eda Fotonauta. Barcelona 2006<\/li>\n\n\n\n<li>\u201cAuto-retrats\u201d de Jordi Cerd\u00e0\u201d. Selecci\u00f3n de fotografias de la serie \u201cDintre meu hi ha una mica de\u2026\u201d. Centre d\u2019Art de Santa M\u00f3nica. Barcelona 2002<\/li>\n\n\n\n<li>\u201cRetratos\u201d. Ateneu Barcelon\u00e9s. Primavera Fotogr\u00e0fica 1996<\/li>\n\n\n\n<li>\u201cDintre meu hi ha una mica de\u2026\u201d (\u201cEn m\u00ed hay un poco de\u2026\u201d) en colaboraci\u00f3n con Jordi Cerd\u00e0. 4Art Montfalcon. Barcelona. Primavera Fotogr\u00e1fica 1994.<\/li>\n\n\n\n<li>\u201cLa visi\u00f3\u201d (La visi\u00f3n) (cortometraje). Festival de Clairmontferrant. 1990.<\/li>\n\n\n\n<li>\u201cRetratos estenopeicos\u201d. Tartessos. Barcelona 1989<\/li>\n\n\n\n<li>\u201cViatge\u201d. (video) Monogr\u00e0fiques de la Biennal de Barcelona 1988<\/li>\n\n\n\n<li>\u201cTemps de Transici\u00f3\u201d. (video) Biennal de la Mediterr\u00e0nia. Barcelona 1987<\/li>\n\n\n\n<li>\u201cFoto 85\u201d. Sala Arcs, Barcelona 1985<\/li>\n<\/ul>\n","protected":false},"excerpt":{"rendered":"<p>Estudios Trabajos<\/p>\n","protected":false},"author":1,"featured_media":0,"parent":0,"menu_order":0,"comment_status":"closed","ping_status":"closed","template":"","meta":{"footnotes":""},"class_list":["post-14","page","type-page","status-publish","hentry"],"acf":[],"_links":{"self":[{"href":"https:\/\/martisala.com\/es\/wp-json\/wp\/v2\/pages\/14","targetHints":{"allow":["GET"]}}],"collection":[{"href":"https:\/\/martisala.com\/es\/wp-json\/wp\/v2\/pages"}],"about":[{"href":"https:\/\/martisala.com\/es\/wp-json\/wp\/v2\/types\/page"}],"author":[{"embeddable":true,"href":"https:\/\/martisala.com\/es\/wp-json\/wp\/v2\/users\/1"}],"replies":[{"embeddable":true,"href":"https:\/\/martisala.com\/es\/wp-json\/wp\/v2\/comments?post=14"}],"version-history":[{"count":6,"href":"https:\/\/martisala.com\/es\/wp-json\/wp\/v2\/pages\/14\/revisions"}],"predecessor-version":[{"id":658,"href":"https:\/\/martisala.com\/es\/wp-json\/wp\/v2\/pages\/14\/revisions\/658"}],"wp:attachment":[{"href":"https:\/\/martisala.com\/es\/wp-json\/wp\/v2\/media?parent=14"}],"curies":[{"name":"wp","href":"https:\/\/api.w.org\/{rel}","templated":true}]}}